{"id":166,"date":"2022-11-04T14:49:25","date_gmt":"2022-11-04T18:49:25","guid":{"rendered":"https:\/\/bouty.tkl1.ca\/?page_id=166"},"modified":"2023-04-19T16:48:54","modified_gmt":"2023-04-19T20:48:54","slug":"nous-joindre","status":"publish","type":"page","link":"https:\/\/www.bouty.com\/fr\/a-propos\/nous-joindre\/","title":{"rendered":"Nous joindre"},"content":{"rendered":"","protected":false},"excerpt":{"rendered":"","protected":false},"author":1,"featured_media":7752,"parent":154,"menu_order":0,"comment_status":"closed","ping_status":"closed","template":"template-contact.blade.php","meta":{"_acf_changed":false,"_relevanssi_hide_post":"","_relevanssi_hide_content":"","_relevanssi_pin_for_all":"","_relevanssi_pin_keywords":"","_relevanssi_unpin_keywords":"","_relevanssi_related_keywords":"","_relevanssi_related_include_ids":"","_relevanssi_related_exclude_ids":"","_relevanssi_related_no_append":"","_relevanssi_related_not_related":"","_relevanssi_related_posts":"","_relevanssi_noindex_reason":"","footnotes":""},"class_list":["post-166","page","type-page","status-publish","has-post-thumbnail","hentry"],"acf":[],"yoast_head":"<!-- This site is optimized with the Yoast SEO plugin v25.3 - https:\/\/yoast.com\/wordpress\/plugins\/seo\/ -->\n<title>Nous joindre | Information, formulaire, service \u00e0 la client\u00e8le | Bouty<\/title>\n<meta name=\"description\" content=\"Nous sommes \u00e0 l\u2019\u00e9coute! N\u2019h\u00e9sitez pas \u00e0 nous joindre, en remplissant le formulaire sur cette page ou en communiquant avec nous par t\u00e9l\u00e9phone.\" \/>\n<meta name=\"robots\" content=\"index, follow, max-snippet:-1, max-image-preview:large, max-video-preview:-1\" \/>\n<link rel=\"canonical\" href=\"https:\/\/www.bouty.com\/fr\/a-propos\/nous-joindre\/\" \/>\n<meta property=\"og:locale\" content=\"fr_CA\" \/>\n<meta property=\"og:type\" content=\"article\" \/>\n<meta property=\"og:title\" content=\"Nous joindre | Information, formulaire, service \u00e0 la client\u00e8le | Bouty\" \/>\n<meta property=\"og:description\" content=\"Nous sommes \u00e0 l\u2019\u00e9coute! N\u2019h\u00e9sitez pas \u00e0 nous joindre, en remplissant le formulaire sur cette page ou en communiquant avec nous par t\u00e9l\u00e9phone.\" \/>\n<meta property=\"og:url\" content=\"https:\/\/www.bouty.com\/fr\/a-propos\/nous-joindre\/\" \/>\n<meta property=\"og:site_name\" content=\"Bouty\" \/>\n<meta property=\"article:publisher\" content=\"https:\/\/www.facebook.com\/Bouty.Furniture\" \/>\n<meta property=\"article:modified_time\" content=\"2023-04-19T20:48:54+00:00\" \/>\n<meta property=\"og:image\" content=\"https:\/\/www.bouty.com\/app\/uploads\/2023\/03\/bouty-section-pourquoi-bouty-accueil-1024x576.png\" \/>\n\t<meta property=\"og:image:width\" content=\"1024\" \/>\n\t<meta property=\"og:image:height\" content=\"576\" \/>\n\t<meta property=\"og:image:type\" content=\"image\/png\" \/>\n<meta name=\"twitter:card\" content=\"summary_large_image\" \/>\n<script type=\"application\/ld+json\" class=\"yoast-schema-graph\">{\"@context\":\"https:\/\/schema.org\",\"@graph\":[{\"@type\":\"WebPage\",\"@id\":\"https:\/\/www.bouty.com\/fr\/a-propos\/nous-joindre\/\",\"url\":\"https:\/\/www.bouty.com\/fr\/a-propos\/nous-joindre\/\",\"name\":\"Nous joindre | Information, formulaire, service \u00e0 la client\u00e8le | Bouty\",\"isPartOf\":{\"@id\":\"https:\/\/www.bouty.com\/fr\/#website\"},\"primaryImageOfPage\":{\"@id\":\"https:\/\/www.bouty.com\/fr\/a-propos\/nous-joindre\/#primaryimage\"},\"image\":{\"@id\":\"https:\/\/www.bouty.com\/fr\/a-propos\/nous-joindre\/#primaryimage\"},\"thumbnailUrl\":\"https:\/\/www.bouty.com\/app\/uploads\/2023\/03\/bouty-section-pourquoi-bouty-accueil.png\",\"datePublished\":\"2022-11-04T18:49:25+00:00\",\"dateModified\":\"2023-04-19T20:48:54+00:00\",\"description\":\"Nous sommes \u00e0 l\u2019\u00e9coute! N\u2019h\u00e9sitez pas \u00e0 nous joindre, en remplissant le formulaire sur cette page ou en communiquant avec nous par t\u00e9l\u00e9phone.\",\"breadcrumb\":{\"@id\":\"https:\/\/www.bouty.com\/fr\/a-propos\/nous-joindre\/#breadcrumb\"},\"inLanguage\":\"fr-CA\",\"potentialAction\":[{\"@type\":\"ReadAction\",\"target\":[\"https:\/\/www.bouty.com\/fr\/a-propos\/nous-joindre\/\"]}]},{\"@type\":\"ImageObject\",\"inLanguage\":\"fr-CA\",\"@id\":\"https:\/\/www.bouty.com\/fr\/a-propos\/nous-joindre\/#primaryimage\",\"url\":\"https:\/\/www.bouty.com\/app\/uploads\/2023\/03\/bouty-section-pourquoi-bouty-accueil.png\",\"contentUrl\":\"https:\/\/www.bouty.com\/app\/uploads\/2023\/03\/bouty-section-pourquoi-bouty-accueil.png\",\"width\":7417,\"height\":4171,\"caption\":\"Bouty_section_Pourquoi Bouty_Accueil\"},{\"@type\":\"BreadcrumbList\",\"@id\":\"https:\/\/www.bouty.com\/fr\/a-propos\/nous-joindre\/#breadcrumb\",\"itemListElement\":[{\"@type\":\"ListItem\",\"position\":1,\"name\":\"Accueil\",\"item\":\"https:\/\/www.bouty.com\/fr\/\"},{\"@type\":\"ListItem\",\"position\":2,\"name\":\"\u00c0 propos\",\"item\":\"https:\/\/www.bouty.com\/fr\/a-propos\/\"},{\"@type\":\"ListItem\",\"position\":3,\"name\":\"Nous joindre\"}]},{\"@type\":\"WebSite\",\"@id\":\"https:\/\/www.bouty.com\/fr\/#website\",\"url\":\"https:\/\/www.bouty.com\/fr\/\",\"name\":\"Bouty\",\"description\":\"\",\"potentialAction\":[{\"@type\":\"SearchAction\",\"target\":{\"@type\":\"EntryPoint\",\"urlTemplate\":\"https:\/\/www.bouty.com\/fr\/?s={search_term_string}\"},\"query-input\":{\"@type\":\"PropertyValueSpecification\",\"valueRequired\":true,\"valueName\":\"search_term_string\"}}],\"inLanguage\":\"fr-CA\"}]}<\/script>\n<!-- \/ Yoast SEO plugin. -->","yoast_head_json":{"title":"Nous joindre | Information, formulaire, service \u00e0 la client\u00e8le | Bouty","description":"Nous sommes \u00e0 l\u2019\u00e9coute! N\u2019h\u00e9sitez pas \u00e0 nous joindre, en remplissant le formulaire sur cette page ou en communiquant avec nous par t\u00e9l\u00e9phone.","robots":{"index":"index","follow":"follow","max-snippet":"max-snippet:-1","max-image-preview":"max-image-preview:large","max-video-preview":"max-video-preview:-1"},"canonical":"https:\/\/www.bouty.com\/fr\/a-propos\/nous-joindre\/","og_locale":"fr_CA","og_type":"article","og_title":"Nous joindre | Information, formulaire, service \u00e0 la client\u00e8le | Bouty","og_description":"Nous sommes \u00e0 l\u2019\u00e9coute! N\u2019h\u00e9sitez pas \u00e0 nous joindre, en remplissant le formulaire sur cette page ou en communiquant avec nous par t\u00e9l\u00e9phone.","og_url":"https:\/\/www.bouty.com\/fr\/a-propos\/nous-joindre\/","og_site_name":"Bouty","article_publisher":"https:\/\/www.facebook.com\/Bouty.Furniture","article_modified_time":"2023-04-19T20:48:54+00:00","og_image":[{"width":1024,"height":576,"url":"https:\/\/www.bouty.com\/app\/uploads\/2023\/03\/bouty-section-pourquoi-bouty-accueil-1024x576.png","type":"image\/png"}],"twitter_card":"summary_large_image","schema":{"@context":"https:\/\/schema.org","@graph":[{"@type":"WebPage","@id":"https:\/\/www.bouty.com\/fr\/a-propos\/nous-joindre\/","url":"https:\/\/www.bouty.com\/fr\/a-propos\/nous-joindre\/","name":"Nous joindre | Information, formulaire, service \u00e0 la client\u00e8le | Bouty","isPartOf":{"@id":"https:\/\/www.bouty.com\/fr\/#website"},"primaryImageOfPage":{"@id":"https:\/\/www.bouty.com\/fr\/a-propos\/nous-joindre\/#primaryimage"},"image":{"@id":"https:\/\/www.bouty.com\/fr\/a-propos\/nous-joindre\/#primaryimage"},"thumbnailUrl":"https:\/\/www.bouty.com\/app\/uploads\/2023\/03\/bouty-section-pourquoi-bouty-accueil.png","datePublished":"2022-11-04T18:49:25+00:00","dateModified":"2023-04-19T20:48:54+00:00","description":"Nous sommes \u00e0 l\u2019\u00e9coute! N\u2019h\u00e9sitez pas \u00e0 nous joindre, en remplissant le formulaire sur cette page ou en communiquant avec nous par t\u00e9l\u00e9phone.","breadcrumb":{"@id":"https:\/\/www.bouty.com\/fr\/a-propos\/nous-joindre\/#breadcrumb"},"inLanguage":"fr-CA","potentialAction":[{"@type":"ReadAction","target":["https:\/\/www.bouty.com\/fr\/a-propos\/nous-joindre\/"]}]},{"@type":"ImageObject","inLanguage":"fr-CA","@id":"https:\/\/www.bouty.com\/fr\/a-propos\/nous-joindre\/#primaryimage","url":"https:\/\/www.bouty.com\/app\/uploads\/2023\/03\/bouty-section-pourquoi-bouty-accueil.png","contentUrl":"https:\/\/www.bouty.com\/app\/uploads\/2023\/03\/bouty-section-pourquoi-bouty-accueil.png","width":7417,"height":4171,"caption":"Bouty_section_Pourquoi Bouty_Accueil"},{"@type":"BreadcrumbList","@id":"https:\/\/www.bouty.com\/fr\/a-propos\/nous-joindre\/#breadcrumb","itemListElement":[{"@type":"ListItem","position":1,"name":"Accueil","item":"https:\/\/www.bouty.com\/fr\/"},{"@type":"ListItem","position":2,"name":"\u00c0 propos","item":"https:\/\/www.bouty.com\/fr\/a-propos\/"},{"@type":"ListItem","position":3,"name":"Nous joindre"}]},{"@type":"WebSite","@id":"https:\/\/www.bouty.com\/fr\/#website","url":"https:\/\/www.bouty.com\/fr\/","name":"Bouty","description":"","potentialAction":[{"@type":"SearchAction","target":{"@type":"EntryPoint","urlTemplate":"https:\/\/www.bouty.com\/fr\/?s={search_term_string}"},"query-input":{"@type":"PropertyValueSpecification","valueRequired":true,"valueName":"search_term_string"}}],"inLanguage":"fr-CA"}]}},"_links":{"self":[{"href":"https:\/\/www.bouty.com\/fr\/wp-json\/wp\/v2\/pages\/166","targetHints":{"allow":["GET"]}}],"collection":[{"href":"https:\/\/www.bouty.com\/fr\/wp-json\/wp\/v2\/pages"}],"about":[{"href":"https:\/\/www.bouty.com\/fr\/wp-json\/wp\/v2\/types\/page"}],"author":[{"embeddable":true,"href":"https:\/\/www.bouty.com\/fr\/wp-json\/wp\/v2\/users\/1"}],"replies":[{"embeddable":true,"href":"https:\/\/www.bouty.com\/fr\/wp-json\/wp\/v2\/comments?post=166"}],"version-history":[{"count":15,"href":"https:\/\/www.bouty.com\/fr\/wp-json\/wp\/v2\/pages\/166\/revisions"}],"predecessor-version":[{"id":7857,"href":"https:\/\/www.bouty.com\/fr\/wp-json\/wp\/v2\/pages\/166\/revisions\/7857"}],"up":[{"embeddable":true,"href":"https:\/\/www.bouty.com\/fr\/wp-json\/wp\/v2\/pages\/154"}],"wp:featuredmedia":[{"embeddable":true,"href":"https:\/\/www.bouty.com\/fr\/wp-json\/wp\/v2\/media\/7752"}],"wp:attachment":[{"href":"https:\/\/www.bouty.com\/fr\/wp-json\/wp\/v2\/media?parent=166"}],"curies":[{"name":"wp","href":"https:\/\/api.w.org\/{rel}","templated":true}]}}