{"id":12676,"date":"2025-09-19T13:47:34","date_gmt":"2025-09-19T17:47:34","guid":{"rendered":"https:\/\/www.bouty.com\/?post_type=product&#038;p=12676"},"modified":"2026-01-20T11:44:21","modified_gmt":"2026-01-20T16:44:21","slug":"oppf","status":"publish","type":"product","link":"https:\/\/www.bouty.com\/en\/products\/lounge\/opus\/oppf\/OPPF-CB9009\/","title":{"rendered":"OPPF"},"content":{"rendered":"","protected":false},"excerpt":{"rendered":"","protected":false},"featured_media":12780,"template":"","meta":{"_acf_changed":false,"_relevanssi_hide_post":"","_relevanssi_hide_content":"","_relevanssi_pin_for_all":"","_relevanssi_pin_keywords":"","_relevanssi_unpin_keywords":"","_relevanssi_related_keywords":"","_relevanssi_related_include_ids":"","_relevanssi_related_exclude_ids":"","_relevanssi_related_no_append":"","_relevanssi_related_not_related":"","_relevanssi_related_posts":"","_relevanssi_noindex_reason":""},"product_brand":[],"product_cat":[15],"product_tag":[],"class_list":{"0":"post-12676","1":"product","2":"type-product","3":"status-publish","4":"has-post-thumbnail","6":"product_cat-non-classifie-e","8":"first","9":"instock","10":"shipping-taxable","11":"purchasable","12":"product-type-simple"},"acf":[],"yoast_head":"<!-- This site is optimized with the Yoast SEO plugin v25.3 - https:\/\/yoast.com\/wordpress\/plugins\/seo\/ -->\n<title>Opus | Prima | OPPF | Bouty<\/title>\n<meta name=\"description\" content=\"Un fauteuil adapt\u00e9 et fonctionnel. Prima est con\u00e7u pour soutenir la zone lombaire, son profil \u00e9lanc\u00e9 offrant une ergonomie \u00e0 la fois optimale et \u00e9l\u00e9gante.\" \/>\n<meta name=\"robots\" content=\"index, follow, max-snippet:-1, max-image-preview:large, max-video-preview:-1\" \/>\n<link rel=\"canonical\" href=\"https:\/\/www.bouty.com\/en\/products\/lounge\/opus\/oppf\/OPPF-CB9009\/\" \/>\n<meta property=\"og:locale\" content=\"en_US\" \/>\n<meta property=\"og:type\" content=\"article\" \/>\n<meta property=\"og:title\" content=\"Opus | Prima | OPPF | Bouty\" \/>\n<meta property=\"og:description\" content=\"Prima armchair \nA comfortable and functional armchair. Prima is designed to support the lumbar region, with a slim profile offering optimal ergonomics and elegance. Prima product family offers 3 seat models: lounge, stool and visitor armchair.\nApplications:\n&bull; Conference room\n&bull; Visitor chair\n&bull; Visitor chair &ndash; executive office\n&bull; Common areas and lounge\" \/>\n<meta property=\"og:url\" content=\"https:\/\/www.bouty.com\/en\/products\/lounge\/opus\/oppf\/OPPF-CB9009\/\" \/>\n<meta property=\"og:site_name\" content=\"Bouty\" \/>\n<meta property=\"article:publisher\" content=\"https:\/\/www.facebook.com\/Bouty.Furniture\" \/>\n<meta property=\"article:modified_time\" content=\"2026-01-20T16:44:21+00:00\" \/>\n<meta property=\"og:image\" content=\"https:\/\/www.bouty.com\/app\/uploads\/2025\/09\/opus-prima-a8-bouty.png\" \/>\n\t<meta property=\"og:image:width\" content=\"1000\" \/>\n\t<meta property=\"og:image:height\" content=\"1000\" \/>\n\t<meta property=\"og:image:type\" content=\"image\/png\" \/>\n<meta name=\"twitter:card\" content=\"summary_large_image\" \/>\n<script type=\"application\/ld+json\" class=\"yoast-schema-graph\">{\"@context\":\"https:\/\/schema.org\",\"@graph\":[{\"@type\":\"WebPage\",\"@id\":\"https:\/\/www.bouty.com\/en\/products\/lounge\/opus\/oppf\/OPPF-CB9009\/\",\"url\":\"https:\/\/www.bouty.com\/en\/products\/lounge\/opus\/oppf\/OPPF-CB9009\/\",\"name\":\"Opus | Prima | OPPF | Bouty\",\"isPartOf\":{\"@id\":\"https:\/\/www.bouty.com\/en\/#website\"},\"primaryImageOfPage\":{\"@id\":\"https:\/\/www.bouty.com\/en\/products\/lounge\/opus\/oppf\/OPPF-CB9009\/#primaryimage\"},\"image\":{\"@id\":\"https:\/\/www.bouty.com\/en\/products\/lounge\/opus\/oppf\/OPPF-CB9009\/#primaryimage\"},\"thumbnailUrl\":\"https:\/\/www.bouty.com\/app\/uploads\/2025\/09\/opus-prima-a8-bouty.png\",\"datePublished\":\"2025-09-19T17:47:34+00:00\",\"dateModified\":\"2026-01-20T16:44:21+00:00\",\"description\":\"Un fauteuil adapt\u00e9 et fonctionnel. Prima est con\u00e7u pour soutenir la zone lombaire, son profil \u00e9lanc\u00e9 offrant une ergonomie \u00e0 la fois optimale et \u00e9l\u00e9gante.\",\"breadcrumb\":{\"@id\":\"https:\/\/www.bouty.com\/en\/products\/lounge\/opus\/oppf\/OPPF-CB9009\/#breadcrumb\"},\"inLanguage\":\"en-CA\",\"potentialAction\":[{\"@type\":\"ReadAction\",\"target\":[\"https:\/\/www.bouty.com\/en\/products\/lounge\/opus\/oppf\/OPPF-CB9009\/\"]}]},{\"@type\":\"ImageObject\",\"inLanguage\":\"en-CA\",\"@id\":\"https:\/\/www.bouty.com\/en\/products\/lounge\/opus\/oppf\/OPPF-CB9009\/#primaryimage\",\"url\":\"https:\/\/www.bouty.com\/app\/uploads\/2025\/09\/opus-prima-a8-bouty.png\",\"contentUrl\":\"https:\/\/www.bouty.com\/app\/uploads\/2025\/09\/opus-prima-a8-bouty.png\",\"width\":1000,\"height\":1000},{\"@type\":\"BreadcrumbList\",\"@id\":\"https:\/\/www.bouty.com\/en\/products\/lounge\/opus\/oppf\/OPPF-CB9009\/#breadcrumb\",\"itemListElement\":[{\"@type\":\"ListItem\",\"position\":1,\"name\":\"Home\",\"item\":\"https:\/\/www.bouty.com\/en\/\"},{\"@type\":\"ListItem\",\"position\":2,\"name\":\"Products\",\"item\":\"https:\/\/www.bouty.com\/en\/shop\/\"},{\"@type\":\"ListItem\",\"position\":3,\"name\":\"OPPF\"}]},{\"@type\":\"WebSite\",\"@id\":\"https:\/\/www.bouty.com\/en\/#website\",\"url\":\"https:\/\/www.bouty.com\/en\/\",\"name\":\"Bouty\",\"description\":\"\",\"potentialAction\":[{\"@type\":\"SearchAction\",\"target\":{\"@type\":\"EntryPoint\",\"urlTemplate\":\"https:\/\/www.bouty.com\/en\/?s={search_term_string}\"},\"query-input\":{\"@type\":\"PropertyValueSpecification\",\"valueRequired\":true,\"valueName\":\"search_term_string\"}}],\"inLanguage\":\"en-CA\"}]}<\/script>\n<!-- \/ Yoast SEO plugin. -->","yoast_head_json":{"title":"Opus | Prima | OPPF | Bouty","description":"Un fauteuil adapt\u00e9 et fonctionnel. Prima est con\u00e7u pour soutenir la zone lombaire, son profil \u00e9lanc\u00e9 offrant une ergonomie \u00e0 la fois optimale et \u00e9l\u00e9gante.","robots":{"index":"index","follow":"follow","max-snippet":"max-snippet:-1","max-image-preview":"max-image-preview:large","max-video-preview":"max-video-preview:-1"},"canonical":"https:\/\/www.bouty.com\/en\/products\/lounge\/opus\/oppf\/OPPF-CB9009\/","og_locale":"en_US","og_type":"article","og_title":"Opus | Prima | OPPF | Bouty","og_description":"Prima armchair \nA comfortable and functional armchair. Prima is designed to support the lumbar region, with a slim profile offering optimal ergonomics and elegance. Prima product family offers 3 seat models: lounge, stool and visitor armchair.\nApplications:\n&bull; Conference room\n&bull; Visitor chair\n&bull; Visitor chair &ndash; executive office\n&bull; Common areas and lounge","og_url":"https:\/\/www.bouty.com\/en\/products\/lounge\/opus\/oppf\/OPPF-CB9009\/","og_site_name":"Bouty","article_publisher":"https:\/\/www.facebook.com\/Bouty.Furniture","article_modified_time":"2026-01-20T16:44:21+00:00","og_image":[{"width":1000,"height":1000,"url":"https:\/\/www.bouty.com\/app\/uploads\/2025\/09\/opus-prima-a8-bouty.png","type":"image\/png"}],"twitter_card":"summary_large_image","schema":{"@context":"https:\/\/schema.org","@graph":[{"@type":"WebPage","@id":"https:\/\/www.bouty.com\/en\/products\/lounge\/opus\/oppf\/OPPF-CB9009\/","url":"https:\/\/www.bouty.com\/en\/products\/lounge\/opus\/oppf\/OPPF-CB9009\/","name":"Opus | Prima | OPPF | Bouty","isPartOf":{"@id":"https:\/\/www.bouty.com\/en\/#website"},"primaryImageOfPage":{"@id":"https:\/\/www.bouty.com\/en\/products\/lounge\/opus\/oppf\/OPPF-CB9009\/#primaryimage"},"image":{"@id":"https:\/\/www.bouty.com\/en\/products\/lounge\/opus\/oppf\/OPPF-CB9009\/#primaryimage"},"thumbnailUrl":"https:\/\/www.bouty.com\/app\/uploads\/2025\/09\/opus-prima-a8-bouty.png","datePublished":"2025-09-19T17:47:34+00:00","dateModified":"2026-01-20T16:44:21+00:00","description":"Un fauteuil adapt\u00e9 et fonctionnel. Prima est con\u00e7u pour soutenir la zone lombaire, son profil \u00e9lanc\u00e9 offrant une ergonomie \u00e0 la fois optimale et \u00e9l\u00e9gante.","breadcrumb":{"@id":"https:\/\/www.bouty.com\/en\/products\/lounge\/opus\/oppf\/OPPF-CB9009\/#breadcrumb"},"inLanguage":"en-CA","potentialAction":[{"@type":"ReadAction","target":["https:\/\/www.bouty.com\/en\/products\/lounge\/opus\/oppf\/OPPF-CB9009\/"]}]},{"@type":"ImageObject","inLanguage":"en-CA","@id":"https:\/\/www.bouty.com\/en\/products\/lounge\/opus\/oppf\/OPPF-CB9009\/#primaryimage","url":"https:\/\/www.bouty.com\/app\/uploads\/2025\/09\/opus-prima-a8-bouty.png","contentUrl":"https:\/\/www.bouty.com\/app\/uploads\/2025\/09\/opus-prima-a8-bouty.png","width":1000,"height":1000},{"@type":"BreadcrumbList","@id":"https:\/\/www.bouty.com\/en\/products\/lounge\/opus\/oppf\/OPPF-CB9009\/#breadcrumb","itemListElement":[{"@type":"ListItem","position":1,"name":"Home","item":"https:\/\/www.bouty.com\/en\/"},{"@type":"ListItem","position":2,"name":"Products","item":"https:\/\/www.bouty.com\/en\/shop\/"},{"@type":"ListItem","position":3,"name":"OPPF"}]},{"@type":"WebSite","@id":"https:\/\/www.bouty.com\/en\/#website","url":"https:\/\/www.bouty.com\/en\/","name":"Bouty","description":"","potentialAction":[{"@type":"SearchAction","target":{"@type":"EntryPoint","urlTemplate":"https:\/\/www.bouty.com\/en\/?s={search_term_string}"},"query-input":{"@type":"PropertyValueSpecification","valueRequired":true,"valueName":"search_term_string"}}],"inLanguage":"en-CA"}]}},"_links":{"self":[{"href":"https:\/\/www.bouty.com\/en\/wp-json\/wp\/v2\/product\/12676","targetHints":{"allow":["GET"]}}],"collection":[{"href":"https:\/\/www.bouty.com\/en\/wp-json\/wp\/v2\/product"}],"about":[{"href":"https:\/\/www.bouty.com\/en\/wp-json\/wp\/v2\/types\/product"}],"wp:featuredmedia":[{"embeddable":true,"href":"https:\/\/www.bouty.com\/en\/wp-json\/wp\/v2\/media\/12780"}],"wp:attachment":[{"href":"https:\/\/www.bouty.com\/en\/wp-json\/wp\/v2\/media?parent=12676"}],"wp:term":[{"taxonomy":"product_brand","embeddable":true,"href":"https:\/\/www.bouty.com\/en\/wp-json\/wp\/v2\/product_brand?post=12676"},{"taxonomy":"product_cat","embeddable":true,"href":"https:\/\/www.bouty.com\/en\/wp-json\/wp\/v2\/product_cat?post=12676"},{"taxonomy":"product_tag","embeddable":true,"href":"https:\/\/www.bouty.com\/en\/wp-json\/wp\/v2\/product_tag?post=12676"}],"curies":[{"name":"wp","href":"https:\/\/api.w.org\/{rel}","templated":true}]}}