{"id":7900,"date":"2022-12-20T14:33:18","date_gmt":"2022-12-20T19:33:18","guid":{"rendered":"https:\/\/www.bouty.com\/?page_id=7900"},"modified":"2023-04-19T08:47:49","modified_gmt":"2023-04-19T12:47:49","slug":"login","status":"publish","type":"page","link":"https:\/\/www.bouty.com\/en\/member-zone\/login\/","title":{"rendered":"Login"},"content":{"rendered":"","protected":false},"excerpt":{"rendered":"","protected":false},"author":2,"featured_media":0,"parent":7898,"menu_order":0,"comment_status":"closed","ping_status":"closed","template":"template-memberzone-login.blade.php","meta":{"_acf_changed":false,"_relevanssi_hide_post":"","_relevanssi_hide_content":"","_relevanssi_pin_for_all":"","_relevanssi_pin_keywords":"","_relevanssi_unpin_keywords":"","_relevanssi_related_keywords":"","_relevanssi_related_include_ids":"","_relevanssi_related_exclude_ids":"","_relevanssi_related_no_append":"","_relevanssi_related_not_related":"","_relevanssi_related_posts":"","_relevanssi_noindex_reason":"","footnotes":""},"class_list":["post-7900","page","type-page","status-publish","hentry"],"acf":[],"yoast_head":"<!-- This site is optimized with the Yoast SEO plugin v25.3 - https:\/\/yoast.com\/wordpress\/plugins\/seo\/ -->\n<title>Login | Connectez-vous \u00e0 votre zone membre | Bouty<\/title>\n<meta name=\"description\" content=\"Connectez-vous \u00e0 votre zone membre pour cr\u00e9er un nouveau projet, acc\u00e9der \u00e0 vos projets en cours et tous vos produits favoris.\" \/>\n<meta name=\"robots\" content=\"index, follow, max-snippet:-1, max-image-preview:large, max-video-preview:-1\" \/>\n<link rel=\"canonical\" href=\"https:\/\/www.bouty.com\/en\/member-zone\/login\/\" \/>\n<meta property=\"og:locale\" content=\"en_US\" \/>\n<meta property=\"og:type\" content=\"article\" \/>\n<meta property=\"og:title\" content=\"Login | Connectez-vous \u00e0 votre zone membre | Bouty\" \/>\n<meta property=\"og:description\" content=\"Connectez-vous \u00e0 votre zone membre pour cr\u00e9er un nouveau projet, acc\u00e9der \u00e0 vos projets en cours et tous vos produits favoris.\" \/>\n<meta property=\"og:url\" content=\"https:\/\/www.bouty.com\/en\/member-zone\/login\/\" \/>\n<meta property=\"og:site_name\" content=\"Bouty\" \/>\n<meta property=\"article:publisher\" content=\"https:\/\/www.facebook.com\/Bouty.Furniture\" \/>\n<meta property=\"article:modified_time\" content=\"2023-04-19T12:47:49+00:00\" \/>\n<meta property=\"og:image\" content=\"https:\/\/www.bouty.com\/app\/uploads\/2023\/02\/bouty-twitter-img.jpg\" \/>\n\t<meta property=\"og:image:width\" content=\"1024\" \/>\n\t<meta property=\"og:image:height\" content=\"512\" \/>\n\t<meta property=\"og:image:type\" content=\"image\/jpeg\" \/>\n<meta name=\"twitter:card\" content=\"summary_large_image\" \/>\n<script type=\"application\/ld+json\" class=\"yoast-schema-graph\">{\"@context\":\"https:\/\/schema.org\",\"@graph\":[{\"@type\":\"WebPage\",\"@id\":\"https:\/\/www.bouty.com\/en\/member-zone\/login\/\",\"url\":\"https:\/\/www.bouty.com\/en\/member-zone\/login\/\",\"name\":\"Login | Connectez-vous \u00e0 votre zone membre | Bouty\",\"isPartOf\":{\"@id\":\"https:\/\/www.bouty.com\/en\/#website\"},\"datePublished\":\"2022-12-20T19:33:18+00:00\",\"dateModified\":\"2023-04-19T12:47:49+00:00\",\"description\":\"Connectez-vous \u00e0 votre zone membre pour cr\u00e9er un nouveau projet, acc\u00e9der \u00e0 vos projets en cours et tous vos produits favoris.\",\"breadcrumb\":{\"@id\":\"https:\/\/www.bouty.com\/en\/member-zone\/login\/#breadcrumb\"},\"inLanguage\":\"en-CA\",\"potentialAction\":[{\"@type\":\"ReadAction\",\"target\":[\"https:\/\/www.bouty.com\/en\/member-zone\/login\/\"]}]},{\"@type\":\"BreadcrumbList\",\"@id\":\"https:\/\/www.bouty.com\/en\/member-zone\/login\/#breadcrumb\",\"itemListElement\":[{\"@type\":\"ListItem\",\"position\":1,\"name\":\"Home\",\"item\":\"https:\/\/www.bouty.com\/en\/\"},{\"@type\":\"ListItem\",\"position\":2,\"name\":\"My member zone\",\"item\":\"https:\/\/www.bouty.com\/en\/member-zone\/\"},{\"@type\":\"ListItem\",\"position\":3,\"name\":\"Login\"}]},{\"@type\":\"WebSite\",\"@id\":\"https:\/\/www.bouty.com\/en\/#website\",\"url\":\"https:\/\/www.bouty.com\/en\/\",\"name\":\"Bouty\",\"description\":\"\",\"potentialAction\":[{\"@type\":\"SearchAction\",\"target\":{\"@type\":\"EntryPoint\",\"urlTemplate\":\"https:\/\/www.bouty.com\/en\/?s={search_term_string}\"},\"query-input\":{\"@type\":\"PropertyValueSpecification\",\"valueRequired\":true,\"valueName\":\"search_term_string\"}}],\"inLanguage\":\"en-CA\"}]}<\/script>\n<!-- \/ Yoast SEO plugin. -->","yoast_head_json":{"title":"Login | Connectez-vous \u00e0 votre zone membre | Bouty","description":"Connectez-vous \u00e0 votre zone membre pour cr\u00e9er un nouveau projet, acc\u00e9der \u00e0 vos projets en cours et tous vos produits favoris.","robots":{"index":"index","follow":"follow","max-snippet":"max-snippet:-1","max-image-preview":"max-image-preview:large","max-video-preview":"max-video-preview:-1"},"canonical":"https:\/\/www.bouty.com\/en\/member-zone\/login\/","og_locale":"en_US","og_type":"article","og_title":"Login | Connectez-vous \u00e0 votre zone membre | Bouty","og_description":"Connectez-vous \u00e0 votre zone membre pour cr\u00e9er un nouveau projet, acc\u00e9der \u00e0 vos projets en cours et tous vos produits favoris.","og_url":"https:\/\/www.bouty.com\/en\/member-zone\/login\/","og_site_name":"Bouty","article_publisher":"https:\/\/www.facebook.com\/Bouty.Furniture","article_modified_time":"2023-04-19T12:47:49+00:00","og_image":[{"width":1024,"height":512,"url":"https:\/\/www.bouty.com\/app\/uploads\/2023\/02\/bouty-twitter-img.jpg","type":"image\/jpeg"}],"twitter_card":"summary_large_image","schema":{"@context":"https:\/\/schema.org","@graph":[{"@type":"WebPage","@id":"https:\/\/www.bouty.com\/en\/member-zone\/login\/","url":"https:\/\/www.bouty.com\/en\/member-zone\/login\/","name":"Login | Connectez-vous \u00e0 votre zone membre | Bouty","isPartOf":{"@id":"https:\/\/www.bouty.com\/en\/#website"},"datePublished":"2022-12-20T19:33:18+00:00","dateModified":"2023-04-19T12:47:49+00:00","description":"Connectez-vous \u00e0 votre zone membre pour cr\u00e9er un nouveau projet, acc\u00e9der \u00e0 vos projets en cours et tous vos produits favoris.","breadcrumb":{"@id":"https:\/\/www.bouty.com\/en\/member-zone\/login\/#breadcrumb"},"inLanguage":"en-CA","potentialAction":[{"@type":"ReadAction","target":["https:\/\/www.bouty.com\/en\/member-zone\/login\/"]}]},{"@type":"BreadcrumbList","@id":"https:\/\/www.bouty.com\/en\/member-zone\/login\/#breadcrumb","itemListElement":[{"@type":"ListItem","position":1,"name":"Home","item":"https:\/\/www.bouty.com\/en\/"},{"@type":"ListItem","position":2,"name":"My member zone","item":"https:\/\/www.bouty.com\/en\/member-zone\/"},{"@type":"ListItem","position":3,"name":"Login"}]},{"@type":"WebSite","@id":"https:\/\/www.bouty.com\/en\/#website","url":"https:\/\/www.bouty.com\/en\/","name":"Bouty","description":"","potentialAction":[{"@type":"SearchAction","target":{"@type":"EntryPoint","urlTemplate":"https:\/\/www.bouty.com\/en\/?s={search_term_string}"},"query-input":{"@type":"PropertyValueSpecification","valueRequired":true,"valueName":"search_term_string"}}],"inLanguage":"en-CA"}]}},"_links":{"self":[{"href":"https:\/\/www.bouty.com\/en\/wp-json\/wp\/v2\/pages\/7900","targetHints":{"allow":["GET"]}}],"collection":[{"href":"https:\/\/www.bouty.com\/en\/wp-json\/wp\/v2\/pages"}],"about":[{"href":"https:\/\/www.bouty.com\/en\/wp-json\/wp\/v2\/types\/page"}],"author":[{"embeddable":true,"href":"https:\/\/www.bouty.com\/en\/wp-json\/wp\/v2\/users\/2"}],"replies":[{"embeddable":true,"href":"https:\/\/www.bouty.com\/en\/wp-json\/wp\/v2\/comments?post=7900"}],"version-history":[{"count":4,"href":"https:\/\/www.bouty.com\/en\/wp-json\/wp\/v2\/pages\/7900\/revisions"}],"predecessor-version":[{"id":8703,"href":"https:\/\/www.bouty.com\/en\/wp-json\/wp\/v2\/pages\/7900\/revisions\/8703"}],"up":[{"embeddable":true,"href":"https:\/\/www.bouty.com\/en\/wp-json\/wp\/v2\/pages\/7898"}],"wp:attachment":[{"href":"https:\/\/www.bouty.com\/en\/wp-json\/wp\/v2\/media?parent=7900"}],"curies":[{"name":"wp","href":"https:\/\/api.w.org\/{rel}","templated":true}]}}